{"id":25964,"date":"2022-08-08T10:35:29","date_gmt":"2022-08-08T10:35:29","guid":{"rendered":"http:\/\/famhattem.nl\/?page_id=25964"},"modified":"2025-11-18T14:37:58","modified_gmt":"2025-11-18T14:37:58","slug":"sonne-auf-gewachshausern","status":"publish","type":"page","link":"https:\/\/famhattem.nl\/de\/ci\/oplossingen\/zon-op-kassen\/","title":{"rendered":"Solar auf Gew\u00e4chsh\u00e4usern"},"content":{"rendered":"<div data-elementor-type=\"wp-page\" data-elementor-id=\"25964\" class=\"elementor elementor-25964\" data-elementor-post-type=\"page\">\n\t\t\t\t\t\t<section class=\"elementor-section elementor-top-section elementor-element elementor-element-63b0269 elementor-section-boxed elementor-section-height-default elementor-section-height-default\" data-id=\"63b0269\" data-element_type=\"section\" data-e-type=\"section\">\n\t\t\t\t\t\t<div class=\"elementor-container elementor-column-gap-default\">\n\t\t\t\t\t<div class=\"elementor-column elementor-col-100 elementor-top-column elementor-element elementor-element-dca878f\" data-id=\"dca878f\" data-element_type=\"column\" data-e-type=\"column\">\n\t\t\t<div class=\"elementor-widget-wrap elementor-element-populated\">\n\t\t\t\t\t\t<div class=\"elementor-element elementor-element-b4f2e74 elementor-widget elementor-widget-spacer\" data-id=\"b4f2e74\" data-element_type=\"widget\" data-e-type=\"widget\" data-widget_type=\"spacer.default\">\n\t\t\t\t<div class=\"elementor-widget-container\">\n\t\t\t\t\t\t\t<div class=\"elementor-spacer\">\n\t\t\t<div class=\"elementor-spacer-inner\"><\/div>\n\t\t<\/div>\n\t\t\t\t\t\t<\/div>\n\t\t\t\t<\/div>\n\t\t\t\t\t<\/div>\n\t\t<\/div>\n\t\t\t\t\t<\/div>\n\t\t<\/section>\n\t\t\t\t<section class=\"elementor-section elementor-top-section elementor-element elementor-element-79480f38 elementor-section-boxed elementor-section-height-default elementor-section-height-default\" data-id=\"79480f38\" data-element_type=\"section\" data-e-type=\"section\">\n\t\t\t\t\t\t<div class=\"elementor-container elementor-column-gap-default\">\n\t\t\t\t\t<div class=\"elementor-column elementor-col-33 elementor-top-column elementor-element elementor-element-a4d3b16\" data-id=\"a4d3b16\" data-element_type=\"column\" data-e-type=\"column\">\n\t\t\t<div class=\"elementor-widget-wrap elementor-element-populated\">\n\t\t\t\t\t\t<div class=\"elementor-element elementor-element-6d230607 elementor-widget elementor-widget-jkit_heading\" data-id=\"6d230607\" data-element_type=\"widget\" data-e-type=\"widget\" data-widget_type=\"jkit_heading.default\">\n\t\t\t\t<div class=\"elementor-widget-container\">\n\t\t\t\t\t<div  class=\"jeg-elementor-kit jkit-heading  align-left align-tablet- align-mobile- jeg_module___69f8a4a9bdf1a\" ><h3 class=\"heading-section-subtitle  style-color\">Sonne auf Gew\u00e4chshaus:<\/h3><div class=\"heading-section-title  display-inline-block\"><h2 class=\"heading-title\">Eine starke Kombination f\u00fcr Gew\u00e4chshausproduzenten!<\/h2><\/div><\/div>\t\t\t\t<\/div>\n\t\t\t\t<\/div>\n\t\t\t\t<div class=\"elementor-element elementor-element-28fa6755 jkit-equal-height-disable elementor-widget elementor-widget-jkit_icon_box\" data-id=\"28fa6755\" data-element_type=\"widget\" data-e-type=\"widget\" data-widget_type=\"jkit_icon_box.default\">\n\t\t\t\t<div class=\"elementor-widget-container\">\n\t\t\t\t\t<div  class=\"jeg-elementor-kit jkit-icon-box icon-position-left elementor-animation- jeg_module__1_69f8a4a9c173f\" ><div class=\"jkit-icon-box-wrapper hover-from-left\"><div class=\"icon-box icon-box-header elementor-animation-\"><div class=\"icon style-color\"><i aria-hidden=\"true\" class=\"jki jki-solar-panel-solid\"><\/i><\/div><\/div><div class=\"icon-box icon-box-body\">\n                <h2 class=\"title\">Zweites Leben f\u00fcr Ihr Gew\u00e4chshaus<\/h2><p class=\"icon-box-description\">Sind Sie im Unterglasgartenbau t\u00e4tig? Wenn ja, haben Sie Zugang zu einem potenziellen Kraftwerk, das nicht nur <b>Kosteneinsparungen<\/b> Renditen, sondern auch<b> generiert zus\u00e4tzliche Einnahmen!\n<\/b>\nDie urspr\u00fcngliche Gew\u00e4chshausstruktur von Venlo war nicht f\u00fcr die Aufnahme von Sonnenkollektoren ausgelegt, aber wir von ProfiNRG haben eine innovative L\u00f6sung daf\u00fcr entwickelt. Unser <b>fortschrittliches Montagesystem <\/b>nutzt die bestehende Gew\u00e4chshauskonstruktion optimal aus. Unsere Experten entfernen vorsichtig das Glas und schieben die Solarmodule in unser speziell entwickeltes Profilsystem, das nahtlos an die vorhandenen Stangen montiert wird.<\/p>\n            <\/div>\n            \n            <\/div><\/div>\t\t\t\t<\/div>\n\t\t\t\t<\/div>\n\t\t\t\t<div class=\"elementor-element elementor-element-93db1a3 elementor-widget elementor-widget-text-editor\" data-id=\"93db1a3\" data-element_type=\"widget\" data-e-type=\"widget\" data-widget_type=\"text-editor.default\">\n\t\t\t\t<div class=\"elementor-widget-container\">\n\t\t\t\t\t\t\t\t\t<p><strong>Wussten Sie das?<\/strong><\/p><ul><li>De prijsstelling van Zon op Kas in grote lijnen vergelijkbaar is met de kosten van conventionele grondgebonden zonne-energie-installaties van vergelijkbare omvang?<\/li><li>Wij ook een aantrekkelijke financieringsoptie bieden?<\/li><li>Er verschillende <a href=\"\/de\/subsidies\/\" target=\"_blank\" rel=\"noopener\">duurzame subsidieregelingen<\/a> zijn in Nederland?<\/li><\/ul><p><strong><br \/>Ihr Gew\u00e4chshaus bekommt ein zweites Leben mit Sun on Greenhouse<\/strong>, anstatt verschrottet zu werden. Das bedeutet, dass Ihr Gew\u00e4chshaus bis zu 25 Jahre lang erneuerbare Energie produzieren kann. Eine Win-Win-Situation!<\/p>\t\t\t\t\t\t\t\t<\/div>\n\t\t\t\t<\/div>\n\t\t\t\t\t<\/div>\n\t\t<\/div>\n\t\t\t\t<div class=\"elementor-column elementor-col-33 elementor-top-column elementor-element elementor-element-ff0258a\" data-id=\"ff0258a\" data-element_type=\"column\" data-e-type=\"column\">\n\t\t\t<div class=\"elementor-widget-wrap elementor-element-populated\">\n\t\t\t\t\t\t<section class=\"elementor-section elementor-inner-section elementor-element elementor-element-7ada1e25 elementor-section-boxed elementor-section-height-default elementor-section-height-default\" data-id=\"7ada1e25\" data-element_type=\"section\" data-e-type=\"section\">\n\t\t\t\t\t\t<div class=\"elementor-container elementor-column-gap-default\">\n\t\t\t\t\t<div class=\"elementor-column elementor-col-100 elementor-inner-column elementor-element elementor-element-5f5cc42d\" data-id=\"5f5cc42d\" data-element_type=\"column\" data-e-type=\"column\" data-settings=\"{&quot;background_background&quot;:&quot;classic&quot;}\">\n\t\t\t<div class=\"elementor-widget-wrap elementor-element-populated\">\n\t\t\t\t\t\t<div class=\"elementor-element elementor-element-6264f969 ekit-equal-height-disable elementor-widget elementor-widget-elementskit-icon-box\" data-id=\"6264f969\" data-element_type=\"widget\" data-e-type=\"widget\" data-widget_type=\"elementskit-icon-box.default\">\n\t\t\t\t<div class=\"elementor-widget-container\">\n\t\t\t\t\t<div class=\"ekit-wid-con\" >        <!-- link opening -->\n                <a href=\"#\" class=\"ekit_global_links\">\n                <!-- end link opening -->\n\n        <div class=\"elementskit-infobox text-left text- icon-lef-right-aligin elementor-animation-\">\n                        <div class=\"box-body\">\n                            <h3 class=\"elementskit-info-box-title\">\n                    Zweites Leben f\u00fcr Ihr Gew\u00e4chshaus                <\/h3>\n                        \t\t  \t<p>Mindestens 25 Jahre lang erneuerbare Energie zu erzeugen, bedeutet mindestens 25 Jahre lang von einem zus\u00e4tzlichen Einkommen zu profitieren.<\/p>\n                                <\/div>\n        \n        \n                <\/div>\n                <\/a>\n        <\/div>\t\t\t\t<\/div>\n\t\t\t\t<\/div>\n\t\t\t\t\t<\/div>\n\t\t<\/div>\n\t\t\t\t\t<\/div>\n\t\t<\/section>\n\t\t\t\t<section class=\"elementor-section elementor-inner-section elementor-element elementor-element-25e37a92 elementor-section-boxed elementor-section-height-default elementor-section-height-default\" data-id=\"25e37a92\" data-element_type=\"section\" data-e-type=\"section\">\n\t\t\t\t\t\t<div class=\"elementor-container elementor-column-gap-default\">\n\t\t\t\t\t<div class=\"elementor-column elementor-col-100 elementor-inner-column elementor-element elementor-element-23bacf8f\" data-id=\"23bacf8f\" data-element_type=\"column\" data-e-type=\"column\" data-settings=\"{&quot;background_background&quot;:&quot;classic&quot;}\">\n\t\t\t<div class=\"elementor-widget-wrap elementor-element-populated\">\n\t\t\t\t\t\t<div class=\"elementor-element elementor-element-2abe399a ekit-equal-height-disable elementor-widget elementor-widget-elementskit-icon-box\" data-id=\"2abe399a\" data-element_type=\"widget\" data-e-type=\"widget\" data-widget_type=\"elementskit-icon-box.default\">\n\t\t\t\t<div class=\"elementor-widget-container\">\n\t\t\t\t\t<div class=\"ekit-wid-con\" >        <!-- link opening -->\n                <a href=\"#\" class=\"ekit_global_links\">\n                <!-- end link opening -->\n\n        <div class=\"elementskit-infobox text-left text- icon-lef-right-aligin elementor-animation-\">\n                        <div class=\"box-body\">\n                            <h3 class=\"elementskit-info-box-title\">\n                    EPC-Fachwissen                <\/h3>\n                        \t\t  \t<p>Wir k\u00fcmmern uns um den Betrieb und die Wartung dieser Solaranlagen.<\/p>\n                                <\/div>\n        \n        \n                <\/div>\n                <\/a>\n        <\/div>\t\t\t\t<\/div>\n\t\t\t\t<\/div>\n\t\t\t\t\t<\/div>\n\t\t<\/div>\n\t\t\t\t\t<\/div>\n\t\t<\/section>\n\t\t\t\t\t<\/div>\n\t\t<\/div>\n\t\t\t\t<div class=\"elementor-column elementor-col-33 elementor-top-column elementor-element elementor-element-59a4e996\" data-id=\"59a4e996\" data-element_type=\"column\" data-e-type=\"column\">\n\t\t\t<div class=\"elementor-widget-wrap elementor-element-populated\">\n\t\t\t\t\t\t<section class=\"elementor-section elementor-inner-section elementor-element elementor-element-1bd334a9 elementor-section-boxed elementor-section-height-default elementor-section-height-default\" data-id=\"1bd334a9\" data-element_type=\"section\" data-e-type=\"section\">\n\t\t\t\t\t\t<div class=\"elementor-container elementor-column-gap-default\">\n\t\t\t\t\t<div class=\"elementor-column elementor-col-100 elementor-inner-column elementor-element elementor-element-5653b716\" data-id=\"5653b716\" data-element_type=\"column\" data-e-type=\"column\" data-settings=\"{&quot;background_background&quot;:&quot;classic&quot;}\">\n\t\t\t<div class=\"elementor-widget-wrap elementor-element-populated\">\n\t\t\t\t\t\t<div class=\"elementor-element elementor-element-4352f006 ekit-equal-height-disable elementor-widget elementor-widget-elementskit-icon-box\" data-id=\"4352f006\" data-element_type=\"widget\" data-e-type=\"widget\" data-widget_type=\"elementskit-icon-box.default\">\n\t\t\t\t<div class=\"elementor-widget-container\">\n\t\t\t\t\t<div class=\"ekit-wid-con\" >        <!-- link opening -->\n                <a href=\"#\" class=\"ekit_global_links\">\n                <!-- end link opening -->\n\n        <div class=\"elementskit-infobox text-left text- icon-lef-right-aligin elementor-animation-\">\n                        <div class=\"box-body\">\n                            <h3 class=\"elementskit-info-box-title\">\n                    Dach und Boden                <\/h3>\n                        \t\t  \t<p>Wir k\u00fcmmern uns um den Betrieb und die Wartung dieser Solaranlagen.<\/p>\n                                <\/div>\n        \n        \n                <\/div>\n                <\/a>\n        <\/div>\t\t\t\t<\/div>\n\t\t\t\t<\/div>\n\t\t\t\t\t<\/div>\n\t\t<\/div>\n\t\t\t\t\t<\/div>\n\t\t<\/section>\n\t\t\t\t<section class=\"elementor-section elementor-inner-section elementor-element elementor-element-5a4029d7 elementor-section-boxed elementor-section-height-default elementor-section-height-default\" data-id=\"5a4029d7\" data-element_type=\"section\" data-e-type=\"section\">\n\t\t\t\t\t\t<div class=\"elementor-container elementor-column-gap-default\">\n\t\t\t\t\t<div class=\"elementor-column elementor-col-100 elementor-inner-column elementor-element elementor-element-29b47edd\" data-id=\"29b47edd\" data-element_type=\"column\" data-e-type=\"column\">\n\t\t\t<div class=\"elementor-widget-wrap elementor-element-populated\">\n\t\t\t\t\t\t<div class=\"elementor-element elementor-element-5b35334b ekit-equal-height-disable elementor-widget elementor-widget-elementskit-icon-box\" data-id=\"5b35334b\" data-element_type=\"widget\" data-e-type=\"widget\" data-widget_type=\"elementskit-icon-box.default\">\n\t\t\t\t<div class=\"elementor-widget-container\">\n\t\t\t\t\t<div class=\"ekit-wid-con\" >        <!-- link opening -->\n                <a href=\"#\" class=\"ekit_global_links\">\n                <!-- end link opening -->\n\n        <div class=\"elementskit-infobox text-left text- icon-lef-right-aligin elementor-animation-\">\n                        <div class=\"box-body\">\n                            <h3 class=\"elementskit-info-box-title\">\n                    Innovative L\u00f6sung                <\/h3>\n                        \t\t  \t<p>Wir entfernen das Glas und schieben die Solarmodule in unser speziell entwickeltes Profilsystem, das nahtlos an die vorhandenen Stangen montiert wird.<\/p>\n                                <\/div>\n        \n        \n                <\/div>\n                <\/a>\n        <\/div>\t\t\t\t<\/div>\n\t\t\t\t<\/div>\n\t\t\t\t\t<\/div>\n\t\t<\/div>\n\t\t\t\t\t<\/div>\n\t\t<\/section>\n\t\t\t\t\t<\/div>\n\t\t<\/div>\n\t\t\t\t\t<\/div>\n\t\t<\/section>\n\t\t\t\t<section class=\"elementor-section elementor-top-section elementor-element elementor-element-c9c65ad elementor-section-boxed elementor-section-height-default elementor-section-height-default\" data-id=\"c9c65ad\" data-element_type=\"section\" data-e-type=\"section\">\n\t\t\t\t\t\t<div class=\"elementor-container elementor-column-gap-default\">\n\t\t\t\t\t<div class=\"elementor-column elementor-col-33 elementor-top-column elementor-element elementor-element-ede97cb\" data-id=\"ede97cb\" data-element_type=\"column\" data-e-type=\"column\">\n\t\t\t<div class=\"elementor-widget-wrap elementor-element-populated\">\n\t\t\t\t\t\t<div class=\"elementor-element elementor-element-70be28c elementor-align-left elementor-widget__width-initial elementor-widget elementor-widget-elementskit-button\" data-id=\"70be28c\" data-element_type=\"widget\" data-e-type=\"widget\" data-widget_type=\"elementskit-button.default\">\n\t\t\t\t<div class=\"elementor-widget-container\">\n\t\t\t\t\t<div class=\"ekit-wid-con\" >\t\t<div class=\"ekit-btn-wraper\">\n\t\t\t\t\t\t\t<a href=\"http:\/\/famhattem.nl\/wp-content\/uploads\/2024\/04\/Folder-grootzakelijk-def.pdf-Duits.pdf\" class=\"elementskit-btn  whitespace--normal\" id=\"\">\n\t\t\t\t\tDownload onze brochure \t\t\t\t<\/a>\n\t\t\t\t\t<\/div>\n        <\/div>\t\t\t\t<\/div>\n\t\t\t\t<\/div>\n\t\t\t\t\t<\/div>\n\t\t<\/div>\n\t\t\t\t<div class=\"elementor-column elementor-col-33 elementor-top-column elementor-element elementor-element-76c5bd2\" data-id=\"76c5bd2\" data-element_type=\"column\" data-e-type=\"column\">\n\t\t\t<div class=\"elementor-widget-wrap elementor-element-populated\">\n\t\t\t\t\t\t<div class=\"elementor-element elementor-element-09ff6dc elementor-align-left elementor-widget elementor-widget-elementskit-button\" data-id=\"09ff6dc\" data-element_type=\"widget\" data-e-type=\"widget\" data-widget_type=\"elementskit-button.default\">\n\t\t\t\t<div class=\"elementor-widget-container\">\n\t\t\t\t\t<div class=\"ekit-wid-con\" >\t\t<div class=\"ekit-btn-wraper\">\n\t\t\t\t\t\t\t<a href=\"https:\/\/calendly.com\/profinrg\/adviesgesprek\" class=\"elementskit-btn  whitespace--normal\" id=\"\">\n\t\t\t\t\tPlan vrijblijvend adviesgesprek\t\t\t\t<\/a>\n\t\t\t\t\t<\/div>\n        <\/div>\t\t\t\t<\/div>\n\t\t\t\t<\/div>\n\t\t\t\t\t<\/div>\n\t\t<\/div>\n\t\t\t\t<div class=\"elementor-column elementor-col-33 elementor-top-column elementor-element elementor-element-2bbd722\" data-id=\"2bbd722\" data-element_type=\"column\" data-e-type=\"column\">\n\t\t\t<div class=\"elementor-widget-wrap\">\n\t\t\t\t\t\t\t<\/div>\n\t\t<\/div>\n\t\t\t\t\t<\/div>\n\t\t<\/section>\n\t\t\t\t<section class=\"elementor-section elementor-top-section elementor-element elementor-element-4a228ba elementor-hidden-tablet elementor-hidden-mobile elementor-section-boxed elementor-section-height-default elementor-section-height-default\" data-id=\"4a228ba\" data-element_type=\"section\" data-e-type=\"section\" data-settings=\"{&quot;background_background&quot;:&quot;gradient&quot;}\">\n\t\t\t\t\t\t<div class=\"elementor-container elementor-column-gap-default\">\n\t\t\t\t\t<div class=\"elementor-column elementor-col-100 elementor-top-column elementor-element elementor-element-656cf395\" data-id=\"656cf395\" data-element_type=\"column\" data-e-type=\"column\">\n\t\t\t<div class=\"elementor-widget-wrap elementor-element-populated\">\n\t\t\t\t\t\t<div class=\"elementor-element elementor-element-1543a337 elementor-widget elementor-widget-spacer\" data-id=\"1543a337\" data-element_type=\"widget\" data-e-type=\"widget\" data-widget_type=\"spacer.default\">\n\t\t\t\t<div class=\"elementor-widget-container\">\n\t\t\t\t\t\t\t<div class=\"elementor-spacer\">\n\t\t\t<div class=\"elementor-spacer-inner\"><\/div>\n\t\t<\/div>\n\t\t\t\t\t\t<\/div>\n\t\t\t\t<\/div>\n\t\t\t\t\t<\/div>\n\t\t<\/div>\n\t\t\t\t\t<\/div>\n\t\t<\/section>\n\t\t\t\t<section class=\"elementor-section elementor-top-section elementor-element elementor-element-438171c2 elementor-section-boxed elementor-section-height-default elementor-section-height-default\" data-id=\"438171c2\" data-element_type=\"section\" data-e-type=\"section\" data-settings=\"{&quot;background_background&quot;:&quot;classic&quot;}\">\n\t\t\t\t\t\t<div class=\"elementor-container elementor-column-gap-default\">\n\t\t\t\t\t<div class=\"elementor-column elementor-col-50 elementor-top-column elementor-element elementor-element-554993b\" data-id=\"554993b\" data-element_type=\"column\" data-e-type=\"column\">\n\t\t\t<div class=\"elementor-widget-wrap elementor-element-populated\">\n\t\t\t\t\t\t<div class=\"elementor-element elementor-element-769f432f elementor-widget elementor-widget-image\" data-id=\"769f432f\" data-element_type=\"widget\" data-e-type=\"widget\" data-widget_type=\"image.default\">\n\t\t\t\t<div class=\"elementor-widget-container\">\n\t\t\t\t\t\t\t\t\t\t\t\t\t\t\t<img fetchpriority=\"high\" decoding=\"async\" width=\"800\" height=\"800\" src=\"https:\/\/famhattem.nl\/wp-content\/uploads\/2023\/09\/Luco-2-1024x1024.jpg\" class=\"attachment-large size-large wp-image-34492\" alt=\"Foto von Luco Brouwer\" srcset=\"https:\/\/famhattem.nl\/wp-content\/uploads\/2023\/09\/Luco-2-1024x1024.jpg 1024w, https:\/\/famhattem.nl\/wp-content\/uploads\/2023\/09\/Luco-2-300x300.jpg 300w, https:\/\/famhattem.nl\/wp-content\/uploads\/2023\/09\/Luco-2-150x150.jpg 150w, https:\/\/famhattem.nl\/wp-content\/uploads\/2023\/09\/Luco-2-768x768.jpg 768w, https:\/\/famhattem.nl\/wp-content\/uploads\/2023\/09\/elementor\/thumbs\/Luco-2-rgmip9q12idaszygj6vx70z3ptjz5orqzquf1x4tai.jpg 1w, https:\/\/famhattem.nl\/wp-content\/uploads\/2023\/09\/Luco-2.jpg 1275w\" sizes=\"(max-width: 800px) 100vw, 800px\" \/>\t\t\t\t\t\t\t\t\t\t\t\t\t\t\t<\/div>\n\t\t\t\t<\/div>\n\t\t\t\t<div class=\"elementor-element elementor-element-6d8b949 elementor-hidden-tablet elementor-hidden-mobile elementor-widget elementor-widget-spacer\" data-id=\"6d8b949\" data-element_type=\"widget\" data-e-type=\"widget\" data-widget_type=\"spacer.default\">\n\t\t\t\t<div class=\"elementor-widget-container\">\n\t\t\t\t\t\t\t<div class=\"elementor-spacer\">\n\t\t\t<div class=\"elementor-spacer-inner\"><\/div>\n\t\t<\/div>\n\t\t\t\t\t\t<\/div>\n\t\t\t\t<\/div>\n\t\t\t\t\t<\/div>\n\t\t<\/div>\n\t\t\t\t<div class=\"elementor-column elementor-col-50 elementor-top-column elementor-element elementor-element-62837dfa\" data-id=\"62837dfa\" data-element_type=\"column\" data-e-type=\"column\">\n\t\t\t<div class=\"elementor-widget-wrap elementor-element-populated\">\n\t\t\t\t\t\t<div class=\"elementor-element elementor-element-69ba0f63 elementor-widget elementor-widget-elementskit-heading\" data-id=\"69ba0f63\" data-element_type=\"widget\" data-e-type=\"widget\" data-widget_type=\"elementskit-heading.default\">\n\t\t\t\t<div class=\"elementor-widget-container\">\n\t\t\t\t\t<div class=\"ekit-wid-con\" ><div class=\"ekit-heading elementskit-section-title-wraper text_left   ekit_heading_tablet-   ekit_heading_mobile-\"><h3 class=\"elementskit-section-subtitle\">\n\t\t\t\t\t\tNachhaltigkeit durch ein Solarstromsystem?\n\t\t\t\t\t<\/h3><h2 class=\"ekit-heading--title elementskit-section-title\">Interested?<\/h2><\/div><\/div>\t\t\t\t<\/div>\n\t\t\t\t<\/div>\n\t\t\t\t<div class=\"elementor-element elementor-element-13b23272 elementor-widget elementor-widget-text-editor\" data-id=\"13b23272\" data-element_type=\"widget\" data-e-type=\"widget\" data-widget_type=\"text-editor.default\">\n\t\t\t\t<div class=\"elementor-widget-container\">\n\t\t\t\t\t\t\t\t\t<p>Dann kontaktieren Sie unsere Verkaufsabteilung\nunter <br \/>\u00fcber <strong><a href=\"tel:030 341 09 90\">+0303410990<\/a><\/strong>\u00a0oder per E-Mail an <strong><a href=\"mailto:luco@famhattem.nl\" target=\"_blank\" rel=\"noopener\">sales@profinrg.com<\/a>.<\/strong> <br \/>Wir denken gerne mit Ihnen zusammen \u00fcber intelligente L\u00f6sungen nach. <br \/>Folgen Sie uns auch auf <strong><a href=\"https:\/\/www.linkedin.com\/company\/profinrg\" target=\"_blank\" rel=\"noopener\">LinkedIn<\/a><\/strong>.\u00a0<\/p>\t\t\t\t\t\t\t\t<\/div>\n\t\t\t\t<\/div>\n\t\t\t\t\t<\/div>\n\t\t<\/div>\n\t\t\t\t\t<\/div>\n\t\t<\/section>\n\t\t\t\t<section class=\"elementor-section elementor-top-section elementor-element elementor-element-6558c65f elementor-section-boxed elementor-section-height-default elementor-section-height-default\" data-id=\"6558c65f\" data-element_type=\"section\" data-e-type=\"section\">\n\t\t\t\t\t\t<div class=\"elementor-container elementor-column-gap-default\">\n\t\t\t\t\t<div class=\"elementor-column elementor-col-100 elementor-top-column elementor-element elementor-element-5eaae6a9\" data-id=\"5eaae6a9\" data-element_type=\"column\" data-e-type=\"column\">\n\t\t\t<div class=\"elementor-widget-wrap elementor-element-populated\">\n\t\t\t\t\t\t<div class=\"elementor-element elementor-element-303abd2d elementor-widget elementor-widget-spacer\" data-id=\"303abd2d\" data-element_type=\"widget\" data-e-type=\"widget\" data-widget_type=\"spacer.default\">\n\t\t\t\t<div class=\"elementor-widget-container\">\n\t\t\t\t\t\t\t<div class=\"elementor-spacer\">\n\t\t\t<div class=\"elementor-spacer-inner\"><\/div>\n\t\t<\/div>\n\t\t\t\t\t\t<\/div>\n\t\t\t\t<\/div>\n\t\t\t\t\t<\/div>\n\t\t<\/div>\n\t\t\t\t\t<\/div>\n\t\t<\/section>\n\t\t\t\t<\/div>","protected":false},"excerpt":{"rendered":"<p>Zon op kas: Een krachtige combinatie voor glastuinbouwers! Tweede leven voor uw kas Bent u actief in de glastuinbouwsector? Dan heeft u toegang tot een potenti\u00eble energiecentrale die niet alleen kostenbesparingen oplevert, maar ook extra inkomsten genereert! De oorspronkelijke Venlo-kasconstructie is niet ontworpen om zonnepanelen te dragen, maar daar hebben wij bij ProfiNRG een innovatieve [&hellip;]<\/p>\n","protected":false},"author":9,"featured_media":0,"parent":26062,"menu_order":0,"comment_status":"closed","ping_status":"closed","template":"","meta":{"footnotes":""},"class_list":["post-25964","page","type-page","status-publish","hentry"],"_links":{"self":[{"href":"https:\/\/famhattem.nl\/de\/wp-json\/wp\/v2\/pages\/25964","targetHints":{"allow":["GET"]}}],"collection":[{"href":"https:\/\/famhattem.nl\/de\/wp-json\/wp\/v2\/pages"}],"about":[{"href":"https:\/\/famhattem.nl\/de\/wp-json\/wp\/v2\/types\/page"}],"author":[{"embeddable":true,"href":"https:\/\/famhattem.nl\/de\/wp-json\/wp\/v2\/users\/9"}],"replies":[{"embeddable":true,"href":"https:\/\/famhattem.nl\/de\/wp-json\/wp\/v2\/comments?post=25964"}],"version-history":[{"count":117,"href":"https:\/\/famhattem.nl\/de\/wp-json\/wp\/v2\/pages\/25964\/revisions"}],"predecessor-version":[{"id":47516,"href":"https:\/\/famhattem.nl\/de\/wp-json\/wp\/v2\/pages\/25964\/revisions\/47516"}],"up":[{"embeddable":true,"href":"https:\/\/famhattem.nl\/de\/wp-json\/wp\/v2\/pages\/26062"}],"wp:attachment":[{"href":"https:\/\/famhattem.nl\/de\/wp-json\/wp\/v2\/media?parent=25964"}],"curies":[{"name":"wp","href":"https:\/\/api.w.org\/{rel}","templated":true}]}}